{"id":2012,"date":"2023-06-15T09:21:40","date_gmt":"2023-06-15T09:21:40","guid":{"rendered":"https:\/\/cunhacoutinhosaude.pt\/?page_id=2012"},"modified":"2023-07-26T00:04:44","modified_gmt":"2023-07-26T00:04:44","slug":"maral-estriga","status":"publish","type":"page","link":"https:\/\/cunhacoutinhosaude.pt\/en\/a-clinica\/maral-estriga\/","title":{"rendered":"Maral Estriga"},"content":{"rendered":"<div data-elementor-type=\"wp-page\" data-elementor-id=\"2012\" class=\"elementor elementor-2012\" data-elementor-post-type=\"page\">\n\t\t\t\t\t\t<section class=\"elementor-section elementor-top-section elementor-element elementor-element-df9f899 elementor-section-full_width elementor-section-height-min-height elementor-section-items-stretch elementor-section-content-middle elementor-section-height-default\" data-id=\"df9f899\" data-element_type=\"section\" data-settings=\"{&quot;background_background&quot;:&quot;classic&quot;}\">\n\t\t\t\t\t\t\t<div class=\"elementor-background-overlay\"><\/div>\n\t\t\t\t\t\t\t<div class=\"elementor-container elementor-column-gap-default\">\n\t\t\t\t\t<div class=\"elementor-column elementor-col-100 elementor-top-column elementor-element elementor-element-d3e49b0\" data-id=\"d3e49b0\" data-element_type=\"column\" data-settings=\"{&quot;background_background&quot;:&quot;classic&quot;}\">\n\t\t\t<div class=\"elementor-widget-wrap elementor-element-populated\">\n\t\t\t\t\t\t<div class=\"elementor-element elementor-element-d533f46 elementor-widget elementor-widget-breadcrumbs\" data-id=\"d533f46\" data-element_type=\"widget\" data-widget_type=\"breadcrumbs.default\">\n\t\t\t\t<div class=\"elementor-widget-container\">\n\t\t\t\t\t<p id=\"breadcrumbs\"><span><span><a href=\"https:\/\/cunhacoutinhosaude.pt\/en\/\">Home<\/a><\/span><\/span><\/p>\t\t\t\t<\/div>\n\t\t\t\t<\/div>\n\t\t\t\t\t<\/div>\n\t\t<\/div>\n\t\t\t\t\t<\/div>\n\t\t<\/section>\n\t\t\t\t<section class=\"elementor-section elementor-top-section elementor-element elementor-element-708867e elementor-section-full_width elementor-section-height-default elementor-section-height-default\" data-id=\"708867e\" data-element_type=\"section\" data-settings=\"{&quot;background_background&quot;:&quot;classic&quot;}\">\n\t\t\t\t\t\t<div class=\"elementor-container elementor-column-gap-default\">\n\t\t\t\t\t<div class=\"elementor-column elementor-col-50 elementor-top-column elementor-element elementor-element-b513715 .img\" data-id=\"b513715\" data-element_type=\"column\">\n\t\t\t<div class=\"elementor-widget-wrap elementor-element-populated\">\n\t\t\t\t\t\t<div class=\"elementor-element elementor-element-71fbba7 elementor-widget__width-initial elementor-widget elementor-widget-image\" data-id=\"71fbba7\" data-element_type=\"widget\" data-widget_type=\"image.default\">\n\t\t\t\t<div class=\"elementor-widget-container\">\n\t\t\t\t\t\t\t\t\t\t\t\t\t\t\t<img fetchpriority=\"high\" decoding=\"async\" width=\"682\" height=\"1024\" src=\"https:\/\/cunhacoutinhosaude.pt\/wp-content\/uploads\/2023\/07\/Cunha-Coutinho-Saude_Foto.jpg\" class=\"attachment-full size-full wp-image-3706\" alt=\"\" srcset=\"https:\/\/cunhacoutinhosaude.pt\/wp-content\/uploads\/2023\/07\/Cunha-Coutinho-Saude_Foto.jpg 682w, https:\/\/cunhacoutinhosaude.pt\/wp-content\/uploads\/2023\/07\/Cunha-Coutinho-Saude_Foto-200x300.jpg 200w, https:\/\/cunhacoutinhosaude.pt\/wp-content\/uploads\/2023\/07\/Cunha-Coutinho-Saude_Foto-8x12.jpg 8w\" sizes=\"(max-width: 682px) 100vw, 682px\" \/>\t\t\t\t\t\t\t\t\t\t\t\t\t\t\t<\/div>\n\t\t\t\t<\/div>\n\t\t\t\t\t<\/div>\n\t\t<\/div>\n\t\t\t\t<div class=\"elementor-column elementor-col-50 elementor-top-column elementor-element elementor-element-45d145c\" data-id=\"45d145c\" data-element_type=\"column\">\n\t\t\t<div class=\"elementor-widget-wrap elementor-element-populated\">\n\t\t\t\t\t\t<div class=\"elementor-element elementor-element-cc8ee7b elementor-widget elementor-widget-heading\" data-id=\"cc8ee7b\" data-element_type=\"widget\" data-widget_type=\"heading.default\">\n\t\t\t\t<div class=\"elementor-widget-container\">\n\t\t\t\t\t<h2 class=\"elementor-heading-title elementor-size-default\">Dentist<\/h2>\t\t\t\t<\/div>\n\t\t\t\t<\/div>\n\t\t\t\t<div class=\"elementor-element elementor-element-9294fc6 elementor-widget elementor-widget-heading\" data-id=\"9294fc6\" data-element_type=\"widget\" data-widget_type=\"heading.default\">\n\t\t\t\t<div class=\"elementor-widget-container\">\n\t\t\t\t\t<h2 class=\"elementor-heading-title elementor-size-default\">Maral Estriga<\/h2>\t\t\t\t<\/div>\n\t\t\t\t<\/div>\n\t\t\t\t<div class=\"elementor-element elementor-element-d28b21c elementor-widget elementor-widget-heading\" data-id=\"d28b21c\" data-element_type=\"widget\" data-widget_type=\"heading.default\">\n\t\t\t\t<div class=\"elementor-widget-container\">\n\t\t\t\t\t<h2 class=\"elementor-heading-title elementor-size-default\">General Information<\/h2>\t\t\t\t<\/div>\n\t\t\t\t<\/div>\n\t\t\t\t<div class=\"elementor-element elementor-element-ab46ddd elementor-widget elementor-widget-text-editor\" data-id=\"ab46ddd\" data-element_type=\"widget\" data-widget_type=\"text-editor.default\">\n\t\t\t\t<div class=\"elementor-widget-container\">\n\t\t\t\t\t\t\t\t\t<p><span style=\"font-weight: 400;\">\u2013 Medical University on behalf of Academician I.P. Pavlov of St Petersburg.<\/span><\/p><p><span style=\"font-weight: 400;\">St Petersburg, Russia. 2004-2009<\/span><\/p><p><span style=\"font-weight: 400;\">\u2013 St Petersburg Academy of Medicine in Postgraduate Orthodontics on behalf of the Federal Agency for Health and Social Development.<\/span><\/p><p><span style=\"font-weight: 400;\">St Petersburg, Russia. 2009-2011<\/span><\/p><p><span style=\"font-weight: 400;\">\u2013 Integrated Master's Degree in Dental Medicine.<\/span><\/p><p><span style=\"font-weight: 400;\">Fernando Pessoa University.\u00a0<\/span><\/p><p><span style=\"font-weight: 400;\">Porto, Portugal. 2021-2023<\/span><\/p>\t\t\t\t\t\t\t\t<\/div>\n\t\t\t\t<\/div>\n\t\t\t\t\t<\/div>\n\t\t<\/div>\n\t\t\t\t\t<\/div>\n\t\t<\/section>\n\t\t\t\t<section class=\"elementor-section elementor-top-section elementor-element elementor-element-31c7d49 elementor-section-full_width elementor-section-height-default elementor-section-height-default\" data-id=\"31c7d49\" data-element_type=\"section\">\n\t\t\t\t\t\t<div class=\"elementor-container elementor-column-gap-default\">\n\t\t\t\t\t<div class=\"elementor-column elementor-col-100 elementor-top-column elementor-element elementor-element-bc2475f\" data-id=\"bc2475f\" data-element_type=\"column\">\n\t\t\t<div class=\"elementor-widget-wrap elementor-element-populated\">\n\t\t\t\t\t\t<div class=\"elementor-element elementor-element-a86fd44 elementor-tabs-view-horizontal elementor-widget elementor-widget-tabs\" data-id=\"a86fd44\" data-element_type=\"widget\" data-widget_type=\"tabs.default\">\n\t\t\t\t<div class=\"elementor-widget-container\">\n\t\t\t\t\t\t\t<div class=\"elementor-tabs\">\n\t\t\t<div class=\"elementor-tabs-wrapper\" role=\"tablist\" >\n\t\t\t\t\t\t\t\t\t<div id=\"elementor-tab-title-1761\" class=\"elementor-tab-title elementor-tab-desktop-title\" aria-selected=\"true\" data-tab=\"1\" role=\"tab\" tabindex=\"0\" aria-controls=\"elementor-tab-content-1761\" aria-expanded=\"false\">Further education<\/div>\n\t\t\t\t\t\t\t<\/div>\n\t\t\t<div class=\"elementor-tabs-content-wrapper\" role=\"tablist\" aria-orientation=\"vertical\">\n\t\t\t\t\t\t\t\t\t<div class=\"elementor-tab-title elementor-tab-mobile-title\" aria-selected=\"true\" data-tab=\"1\" role=\"tab\" tabindex=\"0\" aria-controls=\"elementor-tab-content-1761\" aria-expanded=\"false\">Further education<\/div>\n\t\t\t\t\t<div id=\"elementor-tab-content-1761\" class=\"elementor-tab-content elementor-clearfix\" data-tab=\"1\" role=\"tabpanel\" aria-labelledby=\"elementor-tab-title-1761\" tabindex=\"0\" hidden=\"false\"><p><span style=\"font-weight: 400;\">&#8211; Incognito Bracket System Certification Course by Dr. Dirk Wiechmann.\u00a0<\/span><\/p><p><span style=\"font-weight: 400;\">St. Petersburg, 2010.<\/span><\/p><p><span style=\"font-weight: 400;\">&#8211; STb Lingual Bracket System and Orapix System by Dr. Didier Fillion.<\/span><\/p><p><span style=\"font-weight: 400;\">St. Petersburg, 2010.<\/span><\/p><p><span style=\"font-weight: 400;\">&#8211; MBT System Straight Wire Technique by Dr. Procenko.<\/span><\/p><p><span style=\"font-weight: 400;\">St. Petersburg, 2009.<\/span><\/p><p><span style=\"font-weight: 400;\">&#8211; The Principles of Biomechanics in Orthodontic Treatment by Dr. Vittorio Cacciafesta.<\/span><\/p><p><span style=\"font-weight: 400;\">St. Petersburg, 2010.<\/span><\/p><p><span style=\"font-weight: 400;\">Clinical Activity:<\/span><\/p><p><span style=\"font-weight: 400;\">\u2013 2010-Present: Dentist Exclusive Practice in Orthodontics.<\/span><\/p><\/div>\n\t\t\t\t\t\t\t<\/div>\n\t\t<\/div>\n\t\t\t\t\t\t<\/div>\n\t\t\t\t<\/div>\n\t\t\t\t\t<\/div>\n\t\t<\/div>\n\t\t\t\t\t<\/div>\n\t\t<\/section>\n\t\t\t\t<section class=\"elementor-section elementor-top-section elementor-element elementor-element-987dbea elementor-section-height-min-height elementor-section-boxed elementor-section-height-default elementor-section-items-middle\" data-id=\"987dbea\" data-element_type=\"section\" data-settings=\"{&quot;background_background&quot;:&quot;classic&quot;}\">\n\t\t\t\t\t\t\t<div class=\"elementor-background-overlay\"><\/div>\n\t\t\t\t\t\t\t<div class=\"elementor-container elementor-column-gap-default\">\n\t\t\t\t\t<div class=\"elementor-column elementor-col-100 elementor-top-column elementor-element elementor-element-1c20c7d\" data-id=\"1c20c7d\" data-element_type=\"column\">\n\t\t\t<div class=\"elementor-widget-wrap elementor-element-populated\">\n\t\t\t\t\t\t<div class=\"elementor-element elementor-element-076edd0 elementor-widget elementor-widget-heading\" data-id=\"076edd0\" data-element_type=\"widget\" data-widget_type=\"heading.default\">\n\t\t\t\t<div class=\"elementor-widget-container\">\n\t\t\t\t\t<h2 class=\"elementor-heading-title elementor-size-default\">Appointment Request<\/h2>\t\t\t\t<\/div>\n\t\t\t\t<\/div>\n\t\t\t\t<div class=\"elementor-element elementor-element-f5d107d elementor-widget elementor-widget-text-editor\" data-id=\"f5d107d\" data-element_type=\"widget\" data-widget_type=\"text-editor.default\">\n\t\t\t\t<div class=\"elementor-widget-container\">\n\t\t\t\t\t\t\t\t\t<p>At Cl\u00ednica Cunha Coutinho, we are committed to providing our patients with the best possible care and ensuring that every appointment is a pleasant and positive experience. Fill in the form and take the first step towards a healthier and more beautiful smile.<\/p>\t\t\t\t\t\t\t\t<\/div>\n\t\t\t\t<\/div>\n\t\t\t\t<div class=\"elementor-element elementor-element-48e3afd marcacao elementor-align-center elementor-mobile-align-left elementor-widget elementor-widget-button\" data-id=\"48e3afd\" data-element_type=\"widget\" data-widget_type=\"button.default\">\n\t\t\t\t<div class=\"elementor-widget-container\">\n\t\t\t\t\t\t\t\t\t<div class=\"elementor-button-wrapper\">\n\t\t\t\t\t<a class=\"elementor-button elementor-size-md\" role=\"button\">\n\t\t\t\t\t\t<span class=\"elementor-button-content-wrapper\">\n\t\t\t\t\t\t\t\t\t<span class=\"elementor-button-text\">Book<\/span>\n\t\t\t\t\t<\/span>\n\t\t\t\t\t<\/a>\n\t\t\t\t<\/div>\n\t\t\t\t\t\t\t\t<\/div>\n\t\t\t\t<\/div>\n\t\t\t\t\t<\/div>\n\t\t<\/div>\n\t\t\t\t\t<\/div>\n\t\t<\/section>\n\t\t\t\t<\/div>","protected":false},"excerpt":{"rendered":"<p>M\u00e9dica-dentista Maral Estriga Informa\u00e7\u00e3o Geral &#8211; Universidade de Medicina em nome do Acad\u00e9mico I.P. Pavlov de S\u00e3o Petersburgo. S\u00e3o Petersburgo, R\u00fassia. 2004-2009 &#8211; Academia de Medicina em P\u00f3s-gradua\u00e7\u00e3o de Ortodontia de S\u00e3o Petersburgo junto da Ag\u00eancia Federal de Sa\u00fade e Desenvolvimento Social. S\u00e3o Petersburgo, R\u00fassia. 2009-2011 &#8211; Mestrado Integrado em Medicina Dent\u00e1ria. Universidade Fernando Pessoa.\u00a0 [&hellip;]<\/p>","protected":false},"author":1,"featured_media":0,"parent":198,"menu_order":0,"comment_status":"closed","ping_status":"closed","template":"elementor_header_footer","meta":{"footnotes":""},"class_list":["post-2012","page","type-page","status-publish","hentry"],"yoast_head":"<!-- This site is optimized with the Yoast SEO plugin v24.2 - https:\/\/yoast.com\/wordpress\/plugins\/seo\/ -->\n<title>Maral Estriga - Cl\u00ednica Cunha Coutinho<\/title>\n<meta name=\"robots\" content=\"index, follow, max-snippet:-1, max-image-preview:large, max-video-preview:-1\" \/>\n<link rel=\"canonical\" href=\"https:\/\/cunhacoutinhosaude.pt\/en\/a-clinica\/maral-estriga\/\" \/>\n<meta property=\"og:locale\" content=\"en_GB\" \/>\n<meta property=\"og:type\" content=\"article\" \/>\n<meta property=\"og:title\" content=\"Maral Estriga - Cl\u00ednica Cunha Coutinho\" \/>\n<meta property=\"og:description\" content=\"M\u00e9dica-dentista Maral Estriga Informa\u00e7\u00e3o Geral &#8211; Universidade de Medicina em nome do Acad\u00e9mico I.P. Pavlov de S\u00e3o Petersburgo. S\u00e3o Petersburgo, R\u00fassia. 2004-2009 &#8211; Academia de Medicina em P\u00f3s-gradua\u00e7\u00e3o de Ortodontia de S\u00e3o Petersburgo junto da Ag\u00eancia Federal de Sa\u00fade e Desenvolvimento Social. S\u00e3o Petersburgo, R\u00fassia. 2009-2011 &#8211; Mestrado Integrado em Medicina Dent\u00e1ria. Universidade Fernando Pessoa.\u00a0 [&hellip;]\" \/>\n<meta property=\"og:url\" content=\"https:\/\/cunhacoutinhosaude.pt\/en\/a-clinica\/maral-estriga\/\" \/>\n<meta property=\"og:site_name\" content=\"Cl\u00ednica Cunha Coutinho\" \/>\n<meta property=\"article:modified_time\" content=\"2023-07-26T00:04:44+00:00\" \/>\n<meta property=\"og:image\" content=\"https:\/\/cunhacoutinhosaude.pt\/wp-content\/uploads\/2023\/07\/Cunha-Coutinho-Saude_Foto.jpg\" \/>\n<meta name=\"twitter:card\" content=\"summary_large_image\" \/>\n<meta name=\"twitter:label1\" content=\"Estimated reading time\" \/>\n\t<meta name=\"twitter:data1\" content=\"2 minutes\" \/>\n<script type=\"application\/ld+json\" class=\"yoast-schema-graph\">{\"@context\":\"https:\/\/schema.org\",\"@graph\":[{\"@type\":\"WebPage\",\"@id\":\"https:\/\/cunhacoutinhosaude.pt\/a-clinica\/maral-estriga\/\",\"url\":\"https:\/\/cunhacoutinhosaude.pt\/a-clinica\/maral-estriga\/\",\"name\":\"Maral Estriga - Cl\u00ednica Cunha Coutinho\",\"isPartOf\":{\"@id\":\"https:\/\/cunhacoutinhosaude.pt\/#website\"},\"primaryImageOfPage\":{\"@id\":\"https:\/\/cunhacoutinhosaude.pt\/a-clinica\/maral-estriga\/#primaryimage\"},\"image\":{\"@id\":\"https:\/\/cunhacoutinhosaude.pt\/a-clinica\/maral-estriga\/#primaryimage\"},\"thumbnailUrl\":\"https:\/\/cunhacoutinhosaude.pt\/wp-content\/uploads\/2023\/07\/Cunha-Coutinho-Saude_Foto.jpg\",\"datePublished\":\"2023-06-15T09:21:40+00:00\",\"dateModified\":\"2023-07-26T00:04:44+00:00\",\"breadcrumb\":{\"@id\":\"https:\/\/cunhacoutinhosaude.pt\/a-clinica\/maral-estriga\/#breadcrumb\"},\"inLanguage\":\"en-GB\",\"potentialAction\":[{\"@type\":\"ReadAction\",\"target\":[\"https:\/\/cunhacoutinhosaude.pt\/a-clinica\/maral-estriga\/\"]}]},{\"@type\":\"ImageObject\",\"inLanguage\":\"en-GB\",\"@id\":\"https:\/\/cunhacoutinhosaude.pt\/a-clinica\/maral-estriga\/#primaryimage\",\"url\":\"https:\/\/cunhacoutinhosaude.pt\/wp-content\/uploads\/2023\/07\/Cunha-Coutinho-Saude_Foto.jpg\",\"contentUrl\":\"https:\/\/cunhacoutinhosaude.pt\/wp-content\/uploads\/2023\/07\/Cunha-Coutinho-Saude_Foto.jpg\"},{\"@type\":\"BreadcrumbList\",\"@id\":\"https:\/\/cunhacoutinhosaude.pt\/a-clinica\/maral-estriga\/#breadcrumb\",\"itemListElement\":[{\"@type\":\"ListItem\",\"position\":1,\"name\":\"In\u00edcio\",\"item\":\"https:\/\/cunhacoutinhosaude.pt\/\"},{\"@type\":\"ListItem\",\"position\":2,\"name\":\"A Cl\u00ednica\",\"item\":\"https:\/\/cunhacoutinhosaude.pt\/a-clinica\/\"},{\"@type\":\"ListItem\",\"position\":3,\"name\":\"Maral Estriga\"}]},{\"@type\":\"WebSite\",\"@id\":\"https:\/\/cunhacoutinhosaude.pt\/#website\",\"url\":\"https:\/\/cunhacoutinhosaude.pt\/\",\"name\":\"Cl\u00ednica Cunha Coutinho\",\"description\":\"\",\"publisher\":{\"@id\":\"https:\/\/cunhacoutinhosaude.pt\/#organization\"},\"potentialAction\":[{\"@type\":\"SearchAction\",\"target\":{\"@type\":\"EntryPoint\",\"urlTemplate\":\"https:\/\/cunhacoutinhosaude.pt\/?s={search_term_string}\"},\"query-input\":{\"@type\":\"PropertyValueSpecification\",\"valueRequired\":true,\"valueName\":\"search_term_string\"}}],\"inLanguage\":\"en-GB\"},{\"@type\":\"Organization\",\"@id\":\"https:\/\/cunhacoutinhosaude.pt\/#organization\",\"name\":\"Cl\u00ednica Cunha Coutinho\",\"url\":\"https:\/\/cunhacoutinhosaude.pt\/\",\"logo\":{\"@type\":\"ImageObject\",\"inLanguage\":\"en-GB\",\"@id\":\"https:\/\/cunhacoutinhosaude.pt\/#\/schema\/logo\/image\/\",\"url\":\"https:\/\/cunhacoutinhosaude.pt\/wp-content\/uploads\/2023\/04\/logo_cunha.svg\",\"contentUrl\":\"https:\/\/cunhacoutinhosaude.pt\/wp-content\/uploads\/2023\/04\/logo_cunha.svg\",\"width\":225,\"height\":58,\"caption\":\"Cl\u00ednica Cunha Coutinho\"},\"image\":{\"@id\":\"https:\/\/cunhacoutinhosaude.pt\/#\/schema\/logo\/image\/\"}}]}<\/script>\n<!-- \/ Yoast SEO plugin. -->","yoast_head_json":{"title":"Maral Estriga - Cl\u00ednica Cunha Coutinho","robots":{"index":"index","follow":"follow","max-snippet":"max-snippet:-1","max-image-preview":"max-image-preview:large","max-video-preview":"max-video-preview:-1"},"canonical":"https:\/\/cunhacoutinhosaude.pt\/en\/a-clinica\/maral-estriga\/","og_locale":"en_GB","og_type":"article","og_title":"Maral Estriga - Cl\u00ednica Cunha Coutinho","og_description":"M\u00e9dica-dentista Maral Estriga Informa\u00e7\u00e3o Geral &#8211; Universidade de Medicina em nome do Acad\u00e9mico I.P. Pavlov de S\u00e3o Petersburgo. S\u00e3o Petersburgo, R\u00fassia. 2004-2009 &#8211; Academia de Medicina em P\u00f3s-gradua\u00e7\u00e3o de Ortodontia de S\u00e3o Petersburgo junto da Ag\u00eancia Federal de Sa\u00fade e Desenvolvimento Social. S\u00e3o Petersburgo, R\u00fassia. 2009-2011 &#8211; Mestrado Integrado em Medicina Dent\u00e1ria. Universidade Fernando Pessoa.\u00a0 [&hellip;]","og_url":"https:\/\/cunhacoutinhosaude.pt\/en\/a-clinica\/maral-estriga\/","og_site_name":"Cl\u00ednica Cunha Coutinho","article_modified_time":"2023-07-26T00:04:44+00:00","og_image":[{"url":"https:\/\/cunhacoutinhosaude.pt\/wp-content\/uploads\/2023\/07\/Cunha-Coutinho-Saude_Foto.jpg","type":"","width":"","height":""}],"twitter_card":"summary_large_image","twitter_misc":{"Estimated reading time":"2 minutes"},"schema":{"@context":"https:\/\/schema.org","@graph":[{"@type":"WebPage","@id":"https:\/\/cunhacoutinhosaude.pt\/a-clinica\/maral-estriga\/","url":"https:\/\/cunhacoutinhosaude.pt\/a-clinica\/maral-estriga\/","name":"Maral Estriga - Cl\u00ednica Cunha Coutinho","isPartOf":{"@id":"https:\/\/cunhacoutinhosaude.pt\/#website"},"primaryImageOfPage":{"@id":"https:\/\/cunhacoutinhosaude.pt\/a-clinica\/maral-estriga\/#primaryimage"},"image":{"@id":"https:\/\/cunhacoutinhosaude.pt\/a-clinica\/maral-estriga\/#primaryimage"},"thumbnailUrl":"https:\/\/cunhacoutinhosaude.pt\/wp-content\/uploads\/2023\/07\/Cunha-Coutinho-Saude_Foto.jpg","datePublished":"2023-06-15T09:21:40+00:00","dateModified":"2023-07-26T00:04:44+00:00","breadcrumb":{"@id":"https:\/\/cunhacoutinhosaude.pt\/a-clinica\/maral-estriga\/#breadcrumb"},"inLanguage":"en-GB","potentialAction":[{"@type":"ReadAction","target":["https:\/\/cunhacoutinhosaude.pt\/a-clinica\/maral-estriga\/"]}]},{"@type":"ImageObject","inLanguage":"en-GB","@id":"https:\/\/cunhacoutinhosaude.pt\/a-clinica\/maral-estriga\/#primaryimage","url":"https:\/\/cunhacoutinhosaude.pt\/wp-content\/uploads\/2023\/07\/Cunha-Coutinho-Saude_Foto.jpg","contentUrl":"https:\/\/cunhacoutinhosaude.pt\/wp-content\/uploads\/2023\/07\/Cunha-Coutinho-Saude_Foto.jpg"},{"@type":"BreadcrumbList","@id":"https:\/\/cunhacoutinhosaude.pt\/a-clinica\/maral-estriga\/#breadcrumb","itemListElement":[{"@type":"ListItem","position":1,"name":"In\u00edcio","item":"https:\/\/cunhacoutinhosaude.pt\/"},{"@type":"ListItem","position":2,"name":"A Cl\u00ednica","item":"https:\/\/cunhacoutinhosaude.pt\/a-clinica\/"},{"@type":"ListItem","position":3,"name":"Maral Estriga"}]},{"@type":"WebSite","@id":"https:\/\/cunhacoutinhosaude.pt\/#website","url":"https:\/\/cunhacoutinhosaude.pt\/","name":"Cl\u00ednica Cunha Coutinho","description":"","publisher":{"@id":"https:\/\/cunhacoutinhosaude.pt\/#organization"},"potentialAction":[{"@type":"SearchAction","target":{"@type":"EntryPoint","urlTemplate":"https:\/\/cunhacoutinhosaude.pt\/?s={search_term_string}"},"query-input":{"@type":"PropertyValueSpecification","valueRequired":true,"valueName":"search_term_string"}}],"inLanguage":"en-GB"},{"@type":"Organization","@id":"https:\/\/cunhacoutinhosaude.pt\/#organization","name":"Cl\u00ednica Cunha Coutinho","url":"https:\/\/cunhacoutinhosaude.pt\/","logo":{"@type":"ImageObject","inLanguage":"en-GB","@id":"https:\/\/cunhacoutinhosaude.pt\/#\/schema\/logo\/image\/","url":"https:\/\/cunhacoutinhosaude.pt\/wp-content\/uploads\/2023\/04\/logo_cunha.svg","contentUrl":"https:\/\/cunhacoutinhosaude.pt\/wp-content\/uploads\/2023\/04\/logo_cunha.svg","width":225,"height":58,"caption":"Cl\u00ednica Cunha Coutinho"},"image":{"@id":"https:\/\/cunhacoutinhosaude.pt\/#\/schema\/logo\/image\/"}}]}},"_links":{"self":[{"href":"https:\/\/cunhacoutinhosaude.pt\/en\/wp-json\/wp\/v2\/pages\/2012","targetHints":{"allow":["GET"]}}],"collection":[{"href":"https:\/\/cunhacoutinhosaude.pt\/en\/wp-json\/wp\/v2\/pages"}],"about":[{"href":"https:\/\/cunhacoutinhosaude.pt\/en\/wp-json\/wp\/v2\/types\/page"}],"author":[{"embeddable":true,"href":"https:\/\/cunhacoutinhosaude.pt\/en\/wp-json\/wp\/v2\/users\/1"}],"replies":[{"embeddable":true,"href":"https:\/\/cunhacoutinhosaude.pt\/en\/wp-json\/wp\/v2\/comments?post=2012"}],"version-history":[{"count":0,"href":"https:\/\/cunhacoutinhosaude.pt\/en\/wp-json\/wp\/v2\/pages\/2012\/revisions"}],"up":[{"embeddable":true,"href":"https:\/\/cunhacoutinhosaude.pt\/en\/wp-json\/wp\/v2\/pages\/198"}],"wp:attachment":[{"href":"https:\/\/cunhacoutinhosaude.pt\/en\/wp-json\/wp\/v2\/media?parent=2012"}],"curies":[{"name":"wp","href":"https:\/\/api.w.org\/{rel}","templated":true}]}}