{"id":4772,"date":"2024-02-08T10:33:51","date_gmt":"2024-02-08T10:33:51","guid":{"rendered":"https:\/\/cunhacoutinhosaude.pt\/?page_id=4772"},"modified":"2024-02-08T11:25:58","modified_gmt":"2024-02-08T11:25:58","slug":"pagina-de-obrigado","status":"publish","type":"page","link":"https:\/\/cunhacoutinhosaude.pt\/en\/pagina-de-obrigado\/","title":{"rendered":"P\u00e1gina de Obrigado"},"content":{"rendered":"<div data-elementor-type=\"wp-page\" data-elementor-id=\"4772\" class=\"elementor elementor-4772\" data-elementor-post-type=\"page\">\n\t\t\t\t\t\t<section class=\"elementor-section elementor-top-section elementor-element elementor-element-1110079 elementor-section-full_width elementor-section-height-min-height elementor-section-items-stretch elementor-section-content-middle elementor-section-height-default\" data-id=\"1110079\" data-element_type=\"section\" data-settings=\"{&quot;background_background&quot;:&quot;classic&quot;}\">\n\t\t\t\t\t\t\t<div class=\"elementor-background-overlay\"><\/div>\n\t\t\t\t\t\t\t<div class=\"elementor-container elementor-column-gap-default\">\n\t\t\t\t\t<div class=\"elementor-column elementor-col-100 elementor-top-column elementor-element elementor-element-19a5918\" data-id=\"19a5918\" data-element_type=\"column\" data-settings=\"{&quot;background_background&quot;:&quot;classic&quot;}\">\n\t\t\t<div class=\"elementor-widget-wrap elementor-element-populated\">\n\t\t\t\t\t\t<div class=\"elementor-element elementor-element-1358523 elementor-widget elementor-widget-heading\" data-id=\"1358523\" data-element_type=\"widget\" data-widget_type=\"heading.default\">\n\t\t\t\t<div class=\"elementor-widget-container\">\n\t\t\t\t\t<h1 class=\"elementor-heading-title elementor-size-default\">Contacts<\/h1>\t\t\t\t<\/div>\n\t\t\t\t<\/div>\n\t\t\t\t<div class=\"elementor-element elementor-element-94c3293 elementor-widget elementor-widget-breadcrumbs\" data-id=\"94c3293\" data-element_type=\"widget\" data-widget_type=\"breadcrumbs.default\">\n\t\t\t\t<div class=\"elementor-widget-container\">\n\t\t\t\t\t<p id=\"breadcrumbs\"><span><span><a href=\"https:\/\/cunhacoutinhosaude.pt\/en\/\">Home<\/a><\/span><\/span><\/p>\t\t\t\t<\/div>\n\t\t\t\t<\/div>\n\t\t\t\t\t<\/div>\n\t\t<\/div>\n\t\t\t\t\t<\/div>\n\t\t<\/section>\n\t\t\t\t<section class=\"elementor-section elementor-top-section elementor-element elementor-element-8015c31 elementor-section-full_width elementor-section-height-default elementor-section-height-default\" data-id=\"8015c31\" data-element_type=\"section\" id=\"consulta\" data-settings=\"{&quot;background_background&quot;:&quot;classic&quot;}\">\n\t\t\t\t\t\t<div class=\"elementor-container elementor-column-gap-default\">\n\t\t\t\t\t<div class=\"elementor-column elementor-col-100 elementor-top-column elementor-element elementor-element-8a59b8a\" data-id=\"8a59b8a\" data-element_type=\"column\">\n\t\t\t<div class=\"elementor-widget-wrap elementor-element-populated\">\n\t\t\t\t\t\t<div class=\"elementor-element elementor-element-7f27494 elementor-widget elementor-widget-heading\" data-id=\"7f27494\" data-element_type=\"widget\" data-widget_type=\"heading.default\">\n\t\t\t\t<div class=\"elementor-widget-container\">\n\t\t\t\t\t<h2 class=\"elementor-heading-title elementor-size-default\">Marca\u00e7\u00e3o de Consulta Recebida<\/h2>\t\t\t\t<\/div>\n\t\t\t\t<\/div>\n\t\t\t\t<div class=\"elementor-element elementor-element-ad6782c elementor-widget elementor-widget-text-editor\" data-id=\"ad6782c\" data-element_type=\"widget\" data-widget_type=\"text-editor.default\">\n\t\t\t\t<div class=\"elementor-widget-container\">\n\t\t\t\t\t\t\t\t\t<h2>Recebemos o seu pedido com sucesso.\u00a0<\/h2><p>Ser\u00e1 contactado brevemente.<\/p>\t\t\t\t\t\t\t\t<\/div>\n\t\t\t\t<\/div>\n\t\t\t\t\t<\/div>\n\t\t<\/div>\n\t\t\t\t\t<\/div>\n\t\t<\/section>\n\t\t\t\t<section class=\"elementor-section elementor-top-section elementor-element elementor-element-cebac86 elementor-section-full_width elementor-section-content-middle elementor-section-height-default elementor-section-height-default\" data-id=\"cebac86\" data-element_type=\"section\" data-settings=\"{&quot;background_background&quot;:&quot;classic&quot;}\">\n\t\t\t\t\t\t<div class=\"elementor-container elementor-column-gap-default\">\n\t\t\t\t\t<div class=\"elementor-column elementor-col-50 elementor-top-column elementor-element elementor-element-c64f896\" data-id=\"c64f896\" data-element_type=\"column\" data-settings=\"{&quot;background_background&quot;:&quot;classic&quot;}\">\n\t\t\t<div class=\"elementor-widget-wrap elementor-element-populated\">\n\t\t\t\t\t\t<div class=\"elementor-element elementor-element-61b4fab elementor-widget elementor-widget-heading\" data-id=\"61b4fab\" data-element_type=\"widget\" data-widget_type=\"heading.default\">\n\t\t\t\t<div class=\"elementor-widget-container\">\n\t\t\t\t\t<h2 class=\"elementor-heading-title elementor-size-default\">Contact Us<\/h2>\t\t\t\t<\/div>\n\t\t\t\t<\/div>\n\t\t\t\t<div class=\"elementor-element elementor-element-e747daa elementor-widget elementor-widget-text-editor\" data-id=\"e747daa\" data-element_type=\"widget\" data-widget_type=\"text-editor.default\">\n\t\t\t\t<div class=\"elementor-widget-container\">\n\t\t\t\t\t\t\t\t\t<p>We have agreements with several insurance companies and health plans to offer you the treatments you need at the most affordable prices.<\/p>\t\t\t\t\t\t\t\t<\/div>\n\t\t\t\t<\/div>\n\t\t\t\t<div class=\"elementor-element elementor-element-daf9d46 elementor-widget elementor-widget-heading\" data-id=\"daf9d46\" data-element_type=\"widget\" data-widget_type=\"heading.default\">\n\t\t\t\t<div class=\"elementor-widget-container\">\n\t\t\t\t\t<h2 class=\"elementor-heading-title elementor-size-default\">Address<\/h2>\t\t\t\t<\/div>\n\t\t\t\t<\/div>\n\t\t\t\t<div class=\"elementor-element elementor-element-1871c79 elementor-widget elementor-widget-text-editor\" data-id=\"1871c79\" data-element_type=\"widget\" data-widget_type=\"text-editor.default\">\n\t\t\t\t<div class=\"elementor-widget-container\">\n\t\t\t\t\t\t\t\t\t<p>Av. Guerra Junqueiro n\u00ba 21<br \/>4\u00ba Esq. (\u00e0 P\u00e7a. de Londres)<br \/>1000-166 Lisboa &#8211; Portugal<\/p>\t\t\t\t\t\t\t\t<\/div>\n\t\t\t\t<\/div>\n\t\t\t\t<div class=\"elementor-element elementor-element-1a1a99c elementor-widget elementor-widget-heading\" data-id=\"1a1a99c\" data-element_type=\"widget\" data-widget_type=\"heading.default\">\n\t\t\t\t<div class=\"elementor-widget-container\">\n\t\t\t\t\t<h2 class=\"elementor-heading-title elementor-size-default\">Contact<\/h2>\t\t\t\t<\/div>\n\t\t\t\t<\/div>\n\t\t\t\t<div class=\"elementor-element elementor-element-bf3c124 elementor-widget elementor-widget-text-editor\" data-id=\"bf3c124\" data-element_type=\"widget\" data-widget_type=\"text-editor.default\">\n\t\t\t\t<div class=\"elementor-widget-container\">\n\t\t\t\t\t\t\t\t\t<a href=\"tel:+351218499966\"><span class=\"elementor-icon-list-text\" style=\"color: #606060;\">+351 218 499 966<\/span><\/a>\n<p style=\"font-size: 12px;\">(cost of a call to the national fixed network)<\/p>\t\t\t\t\t\t\t\t<\/div>\n\t\t\t\t<\/div>\n\t\t\t\t<div class=\"elementor-element elementor-element-42c8939 elementor-widget elementor-widget-heading\" data-id=\"42c8939\" data-element_type=\"widget\" data-widget_type=\"heading.default\">\n\t\t\t\t<div class=\"elementor-widget-container\">\n\t\t\t\t\t<h2 class=\"elementor-heading-title elementor-size-default\">Schedule<\/h2>\t\t\t\t<\/div>\n\t\t\t\t<\/div>\n\t\t\t\t<div class=\"elementor-element elementor-element-110a17e elementor-widget elementor-widget-text-editor\" data-id=\"110a17e\" data-element_type=\"widget\" data-widget_type=\"text-editor.default\">\n\t\t\t\t<div class=\"elementor-widget-container\">\n\t\t\t\t\t\t\t\t\t<p>Monday to Friday<br \/>das 10:00h \u00e0s 19:00h<\/p>\t\t\t\t\t\t\t\t<\/div>\n\t\t\t\t<\/div>\n\t\t\t\t<div class=\"elementor-element elementor-element-d547cc2 elementor-widget elementor-widget-heading\" data-id=\"d547cc2\" data-element_type=\"widget\" data-widget_type=\"heading.default\">\n\t\t\t\t<div class=\"elementor-widget-container\">\n\t\t\t\t\t<h2 class=\"elementor-heading-title elementor-size-default\">Redes Sociais<\/h2>\t\t\t\t<\/div>\n\t\t\t\t<\/div>\n\t\t\t\t<div class=\"elementor-element elementor-element-5c3dcb8 e-grid-align-left e-grid-align-tablet-left e-grid-align-mobile-left elementor-shape-rounded elementor-grid-0 elementor-widget elementor-widget-social-icons\" data-id=\"5c3dcb8\" data-element_type=\"widget\" data-widget_type=\"social-icons.default\">\n\t\t\t\t<div class=\"elementor-widget-container\">\n\t\t\t\t\t\t\t<div class=\"elementor-social-icons-wrapper elementor-grid\">\n\t\t\t\t\t\t\t<span class=\"elementor-grid-item\">\n\t\t\t\t\t<a class=\"elementor-icon elementor-social-icon elementor-social-icon-facebook-f elementor-repeater-item-9b8bb29\" href=\"https:\/\/www.facebook.com\/saudecunhacoutinho\" target=\"_blank\">\n\t\t\t\t\t\t<span class=\"elementor-screen-only\">Facebook-f<\/span>\n\t\t\t\t\t\t<i class=\"fab fa-facebook-f\"><\/i>\t\t\t\t\t<\/a>\n\t\t\t\t<\/span>\n\t\t\t\t\t\t\t<span class=\"elementor-grid-item\">\n\t\t\t\t\t<a class=\"elementor-icon elementor-social-icon elementor-social-icon-instagram elementor-repeater-item-41e7ae6\" href=\"https:\/\/www.instagram.com\/saudecunhacoutinho\/\" target=\"_blank\">\n\t\t\t\t\t\t<span class=\"elementor-screen-only\">Instagram<\/span>\n\t\t\t\t\t\t<i class=\"fab fa-instagram\"><\/i>\t\t\t\t\t<\/a>\n\t\t\t\t<\/span>\n\t\t\t\t\t<\/div>\n\t\t\t\t\t\t<\/div>\n\t\t\t\t<\/div>\n\t\t\t\t\t<\/div>\n\t\t<\/div>\n\t\t\t\t<div class=\"elementor-column elementor-col-50 elementor-top-column elementor-element elementor-element-3338a12\" data-id=\"3338a12\" data-element_type=\"column\" data-settings=\"{&quot;background_background&quot;:&quot;classic&quot;}\">\n\t\t\t<div class=\"elementor-widget-wrap elementor-element-populated\">\n\t\t\t\t\t\t<div class=\"elementor-element elementor-element-1deeb6e elementor-widget elementor-widget-google_maps\" data-id=\"1deeb6e\" data-element_type=\"widget\" data-widget_type=\"google_maps.default\">\n\t\t\t\t<div class=\"elementor-widget-container\">\n\t\t\t\t\t\t\t<div class=\"elementor-custom-embed\">\n\t\t\t<iframe loading=\"lazy\"\n\t\t\t\t\tsrc=\"https:\/\/maps.google.com\/maps?q=Av.%20Guerra%20Junqueiro%20n%C2%BA%2021%204%C2%BA%20Esq.%20%28%C3%A0%20P%C3%A7a.%20de%20Londres%29&#038;t=m&#038;z=12&#038;output=embed&#038;iwloc=near\"\n\t\t\t\t\ttitle=\"Av. Guerra Junqueiro n\u00ba 21 4\u00ba Esq. (\u00e0 P\u00e7a. de Londres)\"\n\t\t\t\t\taria-label=\"Av. Guerra Junqueiro n\u00ba 21 4\u00ba Esq. (\u00e0 P\u00e7a. de Londres)\"\n\t\t\t><\/iframe>\n\t\t<\/div>\n\t\t\t\t\t\t<\/div>\n\t\t\t\t<\/div>\n\t\t\t\t\t<\/div>\n\t\t<\/div>\n\t\t\t\t\t<\/div>\n\t\t<\/section>\n\t\t\t\t<\/div>","protected":false},"excerpt":{"rendered":"<p>Contactos Marca\u00e7\u00e3o de Consulta Recebida Recebemos o seu pedido com sucesso.\u00a0 Ser\u00e1 contactado brevemente. Fale Connosco Dispomos de acordos com v\u00e1rias seguradoras e planos de sa\u00fade para lhe oferecer os tratamentos que precisa aos pre\u00e7os mais acess\u00edveis. Morada Av. Guerra Junqueiro n\u00ba 214\u00ba Esq. (\u00e0 P\u00e7a. de Londres)1000-166 Lisboa &#8211; Portugal Contacto +351 218 499 [&hellip;]<\/p>","protected":false},"author":1,"featured_media":0,"parent":0,"menu_order":0,"comment_status":"closed","ping_status":"closed","template":"elementor_header_footer","meta":{"footnotes":""},"class_list":["post-4772","page","type-page","status-publish","hentry"],"yoast_head":"<!-- This site is optimized with the Yoast SEO plugin v24.2 - https:\/\/yoast.com\/wordpress\/plugins\/seo\/ -->\n<title>P\u00e1gina de Obrigado - Cl\u00ednica Cunha Coutinho<\/title>\n<meta name=\"description\" content=\"Problemas complexos sem solu\u00e7\u00e3o? Fale connosco e tire as suas d\u00favidas. Marque a sua consulta e sorria novamente!\" \/>\n<meta name=\"robots\" content=\"index, follow, max-snippet:-1, max-image-preview:large, max-video-preview:-1\" \/>\n<link rel=\"canonical\" href=\"https:\/\/cunhacoutinhosaude.pt\/en\/pagina-de-obrigado\/\" \/>\n<meta property=\"og:locale\" content=\"en_GB\" \/>\n<meta property=\"og:type\" content=\"article\" \/>\n<meta property=\"og:title\" content=\"P\u00e1gina de Obrigado - Cl\u00ednica Cunha Coutinho\" \/>\n<meta property=\"og:description\" content=\"Problemas complexos sem solu\u00e7\u00e3o? Fale connosco e tire as suas d\u00favidas. Marque a sua consulta e sorria novamente!\" \/>\n<meta property=\"og:url\" content=\"https:\/\/cunhacoutinhosaude.pt\/en\/pagina-de-obrigado\/\" \/>\n<meta property=\"og:site_name\" content=\"Cl\u00ednica Cunha Coutinho\" \/>\n<meta property=\"article:modified_time\" content=\"2024-02-08T11:25:58+00:00\" \/>\n<meta name=\"twitter:card\" content=\"summary_large_image\" \/>\n<meta name=\"twitter:label1\" content=\"Estimated reading time\" \/>\n\t<meta name=\"twitter:data1\" content=\"1 minute\" \/>\n<script type=\"application\/ld+json\" class=\"yoast-schema-graph\">{\"@context\":\"https:\/\/schema.org\",\"@graph\":[{\"@type\":\"WebPage\",\"@id\":\"https:\/\/cunhacoutinhosaude.pt\/pagina-de-obrigado\/\",\"url\":\"https:\/\/cunhacoutinhosaude.pt\/pagina-de-obrigado\/\",\"name\":\"P\u00e1gina de Obrigado - Cl\u00ednica Cunha Coutinho\",\"isPartOf\":{\"@id\":\"https:\/\/cunhacoutinhosaude.pt\/#website\"},\"datePublished\":\"2024-02-08T10:33:51+00:00\",\"dateModified\":\"2024-02-08T11:25:58+00:00\",\"description\":\"Problemas complexos sem solu\u00e7\u00e3o? Fale connosco e tire as suas d\u00favidas. Marque a sua consulta e sorria novamente!\",\"breadcrumb\":{\"@id\":\"https:\/\/cunhacoutinhosaude.pt\/pagina-de-obrigado\/#breadcrumb\"},\"inLanguage\":\"en-GB\",\"potentialAction\":[{\"@type\":\"ReadAction\",\"target\":[\"https:\/\/cunhacoutinhosaude.pt\/pagina-de-obrigado\/\"]}]},{\"@type\":\"BreadcrumbList\",\"@id\":\"https:\/\/cunhacoutinhosaude.pt\/pagina-de-obrigado\/#breadcrumb\",\"itemListElement\":[{\"@type\":\"ListItem\",\"position\":1,\"name\":\"In\u00edcio\",\"item\":\"https:\/\/cunhacoutinhosaude.pt\/\"},{\"@type\":\"ListItem\",\"position\":2,\"name\":\"P\u00e1gina de Obrigado\"}]},{\"@type\":\"WebSite\",\"@id\":\"https:\/\/cunhacoutinhosaude.pt\/#website\",\"url\":\"https:\/\/cunhacoutinhosaude.pt\/\",\"name\":\"Cl\u00ednica Cunha Coutinho\",\"description\":\"\",\"publisher\":{\"@id\":\"https:\/\/cunhacoutinhosaude.pt\/#organization\"},\"potentialAction\":[{\"@type\":\"SearchAction\",\"target\":{\"@type\":\"EntryPoint\",\"urlTemplate\":\"https:\/\/cunhacoutinhosaude.pt\/?s={search_term_string}\"},\"query-input\":{\"@type\":\"PropertyValueSpecification\",\"valueRequired\":true,\"valueName\":\"search_term_string\"}}],\"inLanguage\":\"en-GB\"},{\"@type\":\"Organization\",\"@id\":\"https:\/\/cunhacoutinhosaude.pt\/#organization\",\"name\":\"Cl\u00ednica Cunha Coutinho\",\"url\":\"https:\/\/cunhacoutinhosaude.pt\/\",\"logo\":{\"@type\":\"ImageObject\",\"inLanguage\":\"en-GB\",\"@id\":\"https:\/\/cunhacoutinhosaude.pt\/#\/schema\/logo\/image\/\",\"url\":\"https:\/\/cunhacoutinhosaude.pt\/wp-content\/uploads\/2023\/04\/logo_cunha.svg\",\"contentUrl\":\"https:\/\/cunhacoutinhosaude.pt\/wp-content\/uploads\/2023\/04\/logo_cunha.svg\",\"width\":225,\"height\":58,\"caption\":\"Cl\u00ednica Cunha Coutinho\"},\"image\":{\"@id\":\"https:\/\/cunhacoutinhosaude.pt\/#\/schema\/logo\/image\/\"}}]}<\/script>\n<!-- \/ Yoast SEO plugin. -->","yoast_head_json":{"title":"P\u00e1gina de Obrigado - Cl\u00ednica Cunha Coutinho","description":"Problemas complexos sem solu\u00e7\u00e3o? Fale connosco e tire as suas d\u00favidas. Marque a sua consulta e sorria novamente!","robots":{"index":"index","follow":"follow","max-snippet":"max-snippet:-1","max-image-preview":"max-image-preview:large","max-video-preview":"max-video-preview:-1"},"canonical":"https:\/\/cunhacoutinhosaude.pt\/en\/pagina-de-obrigado\/","og_locale":"en_GB","og_type":"article","og_title":"P\u00e1gina de Obrigado - Cl\u00ednica Cunha Coutinho","og_description":"Problemas complexos sem solu\u00e7\u00e3o? Fale connosco e tire as suas d\u00favidas. Marque a sua consulta e sorria novamente!","og_url":"https:\/\/cunhacoutinhosaude.pt\/en\/pagina-de-obrigado\/","og_site_name":"Cl\u00ednica Cunha Coutinho","article_modified_time":"2024-02-08T11:25:58+00:00","twitter_card":"summary_large_image","twitter_misc":{"Estimated reading time":"1 minute"},"schema":{"@context":"https:\/\/schema.org","@graph":[{"@type":"WebPage","@id":"https:\/\/cunhacoutinhosaude.pt\/pagina-de-obrigado\/","url":"https:\/\/cunhacoutinhosaude.pt\/pagina-de-obrigado\/","name":"P\u00e1gina de Obrigado - Cl\u00ednica Cunha Coutinho","isPartOf":{"@id":"https:\/\/cunhacoutinhosaude.pt\/#website"},"datePublished":"2024-02-08T10:33:51+00:00","dateModified":"2024-02-08T11:25:58+00:00","description":"Problemas complexos sem solu\u00e7\u00e3o? Fale connosco e tire as suas d\u00favidas. Marque a sua consulta e sorria novamente!","breadcrumb":{"@id":"https:\/\/cunhacoutinhosaude.pt\/pagina-de-obrigado\/#breadcrumb"},"inLanguage":"en-GB","potentialAction":[{"@type":"ReadAction","target":["https:\/\/cunhacoutinhosaude.pt\/pagina-de-obrigado\/"]}]},{"@type":"BreadcrumbList","@id":"https:\/\/cunhacoutinhosaude.pt\/pagina-de-obrigado\/#breadcrumb","itemListElement":[{"@type":"ListItem","position":1,"name":"In\u00edcio","item":"https:\/\/cunhacoutinhosaude.pt\/"},{"@type":"ListItem","position":2,"name":"P\u00e1gina de Obrigado"}]},{"@type":"WebSite","@id":"https:\/\/cunhacoutinhosaude.pt\/#website","url":"https:\/\/cunhacoutinhosaude.pt\/","name":"Cl\u00ednica Cunha Coutinho","description":"","publisher":{"@id":"https:\/\/cunhacoutinhosaude.pt\/#organization"},"potentialAction":[{"@type":"SearchAction","target":{"@type":"EntryPoint","urlTemplate":"https:\/\/cunhacoutinhosaude.pt\/?s={search_term_string}"},"query-input":{"@type":"PropertyValueSpecification","valueRequired":true,"valueName":"search_term_string"}}],"inLanguage":"en-GB"},{"@type":"Organization","@id":"https:\/\/cunhacoutinhosaude.pt\/#organization","name":"Cl\u00ednica Cunha Coutinho","url":"https:\/\/cunhacoutinhosaude.pt\/","logo":{"@type":"ImageObject","inLanguage":"en-GB","@id":"https:\/\/cunhacoutinhosaude.pt\/#\/schema\/logo\/image\/","url":"https:\/\/cunhacoutinhosaude.pt\/wp-content\/uploads\/2023\/04\/logo_cunha.svg","contentUrl":"https:\/\/cunhacoutinhosaude.pt\/wp-content\/uploads\/2023\/04\/logo_cunha.svg","width":225,"height":58,"caption":"Cl\u00ednica Cunha Coutinho"},"image":{"@id":"https:\/\/cunhacoutinhosaude.pt\/#\/schema\/logo\/image\/"}}]}},"_links":{"self":[{"href":"https:\/\/cunhacoutinhosaude.pt\/en\/wp-json\/wp\/v2\/pages\/4772","targetHints":{"allow":["GET"]}}],"collection":[{"href":"https:\/\/cunhacoutinhosaude.pt\/en\/wp-json\/wp\/v2\/pages"}],"about":[{"href":"https:\/\/cunhacoutinhosaude.pt\/en\/wp-json\/wp\/v2\/types\/page"}],"author":[{"embeddable":true,"href":"https:\/\/cunhacoutinhosaude.pt\/en\/wp-json\/wp\/v2\/users\/1"}],"replies":[{"embeddable":true,"href":"https:\/\/cunhacoutinhosaude.pt\/en\/wp-json\/wp\/v2\/comments?post=4772"}],"version-history":[{"count":0,"href":"https:\/\/cunhacoutinhosaude.pt\/en\/wp-json\/wp\/v2\/pages\/4772\/revisions"}],"wp:attachment":[{"href":"https:\/\/cunhacoutinhosaude.pt\/en\/wp-json\/wp\/v2\/media?parent=4772"}],"curies":[{"name":"wp","href":"https:\/\/api.w.org\/{rel}","templated":true}]}}